{"id":1772,"date":"2025-11-25T01:12:48","date_gmt":"2025-11-25T06:12:48","guid":{"rendered":"https:\/\/www.netboxes.com.ni\/index.php\/registration\/"},"modified":"2026-03-19T19:59:48","modified_gmt":"2026-03-20T00:59:48","slug":"registro","status":"publish","type":"page","link":"https:\/\/www.netboxes.com.ni\/index.php\/registro\/","title":{"rendered":"Registrate y Abre tu Casillero YA!"},"content":{"rendered":"\t\t<div data-elementor-type=\"wp-page\" data-elementor-id=\"1772\" class=\"elementor elementor-1772\">\n\t\t\t\t<div class=\"elementor-element elementor-element-cb701bf e-flex e-con-boxed e-con e-parent\" data-id=\"cb701bf\" data-element_type=\"container\" data-e-type=\"container\">\n\t\t\t\t\t<div class=\"e-con-inner\">\n\t\t\t\t<div class=\"elementor-element elementor-element-f6a5432 elementor-widget elementor-widget-heading\" data-id=\"f6a5432\" data-element_type=\"widget\" data-e-type=\"widget\" data-widget_type=\"heading.default\">\n\t\t\t\t\t<h1 class=\"elementor-heading-title elementor-size-default\">Registrate y obten tu Casillero!<\/h1>\t\t\t\t<\/div>\n\t\t\t\t\t<\/div>\n\t\t\t\t<\/div>\n\t\t<div class=\"elementor-element elementor-element-4670c1ae e-flex e-con-boxed e-con e-parent\" data-id=\"4670c1ae\" data-element_type=\"container\" data-e-type=\"container\">\n\t\t\t\t\t<div class=\"e-con-inner\">\n\t\t\t\t<div class=\"elementor-element elementor-element-18670db9 elementor-widget elementor-widget-shortcode\" data-id=\"18670db9\" data-element_type=\"widget\" data-e-type=\"widget\" data-widget_type=\"shortcode.default\">\n\t\t\t\t\t\t\t<div class=\"elementor-shortcode\">\t<div class='user-registration ur-frontend-form  ur-frontend-form--bordered ' id='user-registration-form-1771'>\n\t\t\t\t\t\t\t\t<form method='post' class='register' data-form-id=\"1771\"\n\t\t\t\tdata-enable-strength-password=\"\" data-minimum-password-strength=\"3\"\n\t\t\t\t\t\t\t\t\t\t\t\t\t\t\t \"enctype=multipart\/form-data\" \"enctype=multipart\/form-data\" data-captcha-enabled=\"1\">\n\n\t\t\t\t<div class=\"ur-form-row\" data-row-id=\"0\">\t\t\t\t\t\t\t<div class=\"ur-form-grid ur-grid-1\"\n\t\t\t\t\t\t\t\tstyle=\"width:99%\">\n\t\t\t\t\t\t\t\t\t\t\t\t\t\t\t\t<div  data-field-id=\"first_name\" class=\"ur-field-item field-first_name \" data-ref-id=\"first_name\" data-field-pattern-enabled=\"0\" data-field-pattern-value=\" \" data-field-pattern-message=\"Please provide a valid value for this field.\">\n\t\t\t\t\t\t\t\t\t\t<div class=\"form-row validate-required\" id=\"first_name_field\" data-priority=\"\" ><label for=\"first_name\" class=\"ur-label\">Nombre <abbr class=\"required\" title=\"required\">*<\/abbr><\/label> <span class=\"input-wrapper\"> <input  data-rules=\"\" data-id=\"first_name\" type=\"text\" class=\"input-text   input-text ur-frontend-field  \" name=\"first_name\" id=\"first_name\" placeholder=\"Ingrese su Nombre\"  value=\"\" required=\"required\" data-label=\"Nombre\" \/><span class=\"ur-icon ur-icon-input-first-name\"><\/span> <\/span> <\/div>\t\t\t\t\t\t\t\t\t<\/div>\n\t\t\t\t\t\t\t\t\t\t\t\t\t\t\t\t\t\t<div  data-field-id=\"last_name\" class=\"ur-field-item field-last_name \" data-ref-id=\"last_name\" data-field-pattern-enabled=\"0\" data-field-pattern-value=\" \" data-field-pattern-message=\"Please provide a valid value for this field.\">\n\t\t\t\t\t\t\t\t\t\t<div class=\"form-row validate-required\" id=\"last_name_field\" data-priority=\"\" ><label for=\"last_name\" class=\"ur-label\">Apellido <abbr class=\"required\" title=\"required\">*<\/abbr><\/label> <span class=\"input-wrapper\"> <input  data-rules=\"\" data-id=\"last_name\" type=\"text\" class=\"input-text   input-text ur-frontend-field  \" name=\"last_name\" id=\"last_name\" placeholder=\"Ingrese su Apellido\"  value=\"\" required=\"required\" data-label=\"Apellido\" \/><span class=\"ur-icon ur-icon-input-last-name\"><\/span> <\/span> <\/div>\t\t\t\t\t\t\t\t\t<\/div>\n\t\t\t\t\t\t\t\t\t\t\t\t\t\t\t\t\t\t<div  data-field-id=\"cedula\" class=\"ur-field-item field-text \" data-ref-id=\"cedula\" data-field-pattern-enabled=\"0\" data-field-pattern-value=\" \" data-field-pattern-message=\"Please provide a valid value for this field.\">\n\t\t\t\t\t\t\t\t\t\t<div class=\"form-row validate-required\" id=\"cedula_field\" data-priority=\"\" ><label for=\"cedula\" class=\"ur-label\">Cedula o Pasaporte <abbr class=\"required\" title=\"required\">*<\/abbr><\/label> <span class=\"input-wrapper\"> <input  data-rules=\"\" data-id=\"cedula\" type=\"text\" class=\"input-text   input-text ur-frontend-field  \" name=\"cedula\" id=\"cedula\" placeholder=\"Por favor ingrese su Cedula o Pasaporte\"  value=\"\" required=\"required\" data-label=\"Cedula o Pasaporte\" \/><span class=\"ur-icon ur-icon-input-field\"><\/span> <\/span> <\/div>\t\t\t\t\t\t\t\t\t<\/div>\n\t\t\t\t\t\t\t\t\t\t\t\t\t\t\t\t\t\t<div  data-field-id=\"telefono\" class=\"ur-field-item field-phone \" data-ref-id=\"telefono\" data-field-pattern-enabled=\"0\" data-field-pattern-value=\" \" data-field-pattern-message=\"Please provide a valid value for this field.\">\n\t\t\t\t\t\t\t\t\t\t<div class=\"form-row \" id=\"telefono\" data-priority=\"\"><label for=\"Numero de Telefono o Whatsapp\" class=\"ur-label\">Numero de Telefono o Whatsapp <abbr class=\"required\" title=\"required\">*<\/abbr><span class=\"ur-portal-tooltip\" data-tip=\"Ingrese bien su tel\u00e9fono junto con su c\u00f3digo de pa\u00eds\"><\/span><\/label> <input data-rules=\"\" data-id=\"telefono\" type=\"text\" value=\"\" class=\" ur-frontend-field   ur-smart-phone-field\" name=\"telefono\" id=\"telefono\" placeholder=\"\" required=\"required\" data-label=\"Numero de Telefono o Whatsapp\" \/> <\/div>\t\t\t\t\t\t\t\t\t<\/div>\n\t\t\t\t\t\t\t\t\t\t\t\t\t\t\t\t\t\t<div  data-field-id=\"sucursales\" class=\"ur-field-item field-select \" data-ref-id=\"sucursales\" data-field-pattern-enabled=\"0\" data-field-pattern-value=\" \" data-field-pattern-message=\" \">\n\t\t\t\t\t\t\t\t\t\t<div class=\"form-row validate-required\" id=\"sucursales_field\" data-priority=\"\" ><label for=\"sucursales\" class=\"ur-label\">Selecciona una sucursal <abbr class=\"required\" title=\"required\">*<\/abbr><span class=\"ur-portal-tooltip\" data-tip=\"Elije tu sucursal mas cercana a ti.\"><\/span><\/label><select data-rules=\"\" data-id=\"sucursales\" name=\"sucursales\" id=\"sucursales\" class=\"ur-field-address-country select ur-frontend-field  \" required=\"required\" data-label=\"Selecciona una sucursal\" data-default=\"Managua\" data-allow_clear=\"true\" data-placeholder=\"Eliga una opcion\" data-state-enabled=\"\">\n\t\t\t\t\t<option value=\"Managua\"  selected='selected'>Managua<\/option><option value=\"Jinotepe\" >Jinotepe<\/option>\n\t\t\t\t\t<\/select><span class=\"description\">Sucursal de Managua o Jinotepe?<\/span><\/div>\t\t\t\t\t\t\t\t\t<\/div>\n\t\t\t\t\t\t\t\t\t\t\t\t\t\t\t\t\t\t<div  data-field-id=\"direccion\" class=\"ur-field-item field-textarea \" data-ref-id=\"direccion\" data-field-pattern-enabled=\"0\" data-field-pattern-value=\" \" data-field-pattern-message=\" \">\n\t\t\t\t\t\t\t\t\t\t<div class=\"form-row validate-required\" id=\"direccion_field\" data-priority=\"\" ><label for=\"direccion\" class=\"ur-label\">Direccion de Residencia <abbr class=\"required\" title=\"required\">*<\/abbr><span class=\"ur-portal-tooltip\" data-tip=\"Agrega tu direcci\u00f3n, departamento, calle y numero de casa!\"><\/span><\/label><textarea style=\"margin-bottom:0px;\" data-rules=\"\" data-id=\"direccion\" name=\"direccion\" class=\"input-text ur-frontend-field  \" id=\"direccion\" placeholder=\"Ingrese su direccion de residencia\"  rows=\"2\" cols=\"5\"required=\"required\" data-label=\"Direccion de Residencia\"><\/textarea><div style=\"text-align: right; font-size:14px; color:#737373; margin-top:0px;\"> <div class=\"ur-input-count\" data-count-type=\"characters\" style=\"display: inline-block; margin-right: 1px;\">0<\/div>&nbsp;<div style=\"display: inline-block;\"> characters<\/div><\/div><\/div>\t\t\t\t\t\t\t\t\t<\/div>\n\t\t\t\t\t\t\t\t\t\t\t\t\t\t\t\t<\/div>\n\t\t\t\t\t\t\t\t\t\t\t\t\t<\/div>\n\t\t\t\t\t\t<div class=\"ur-form-row\" data-row-id=\"3\">\t\t\t\t\t\t\t<div class=\"ur-form-grid ur-grid-1\"\n\t\t\t\t\t\t\t\tstyle=\"width:48%\">\n\t\t\t\t\t\t\t\t\t\t\t\t\t\t\t\t<div  data-field-id=\"user_email\" class=\"ur-field-item field-user_email \" data-ref-id=\"user_email\" data-field-pattern-enabled=\"0\" data-field-pattern-value=\" \" data-field-pattern-message=\" \">\n\t\t\t\t\t\t\t\t\t\t<div class=\"form-row validate-required\" id=\"user_email_field\" data-priority=\"\" ><label for=\"user_email\" class=\"ur-label\">Correo Electronico <abbr class=\"required\" title=\"required\">*<\/abbr><\/label> <span class=\"input-wrapper\"> <input  data-rules=\"\" data-id=\"user_email\" type=\"email\" class=\"input-text   input-email ur-frontend-field  \" name=\"user_email\" id=\"user_email\" placeholder=\"Ingrese su correo electronico\"  value=\"\" required=\"required\" data-label=\"Correo Electronico\" \/><span class=\"ur-icon ur-icon-email\"><\/span> <\/span> <\/div>\t\t\t\t\t\t\t\t\t<\/div>\n\t\t\t\t\t\t\t\t\t\t\t\t\t\t\t\t<\/div>\n\t\t\t\t\t\t\t\t\t\t\t\t\t\t<div class=\"ur-form-grid ur-grid-2\"\n\t\t\t\t\t\t\t\tstyle=\"width:48%\">\n\t\t\t\t\t\t\t\t\t\t\t\t\t\t\t\t<div  data-field-id=\"user_confirm_email\" class=\"ur-field-item field-user_confirm_email \" data-ref-id=\"user_confirm_email\" data-field-pattern-enabled=\"0\" data-field-pattern-value=\" \" data-field-pattern-message=\" \">\n\t\t\t\t\t\t\t\t\t\t<div class=\"form-row validate-required\" id=\"user_confirm_email_field\" data-priority=\"\" ><label for=\"user_confirm_email\" class=\"ur-label\">Confirmar Correo Electronico <abbr class=\"required\" title=\"required\">*<\/abbr><\/label> <span class=\"input-wrapper\"> <input  data-rules=\"\" data-id=\"user_confirm_email\" type=\"email\" class=\"input-text   input-email ur-frontend-field  \" name=\"user_confirm_email\" id=\"user_confirm_email\" placeholder=\"Confirme su correo electronico\"  value=\"\" required=\"required\" data-label=\"Confirmar Correo Electronico\" \/><span class=\"ur-icon ur-icon-email-confirm\"><\/span> <\/span> <\/div>\t\t\t\t\t\t\t\t\t<\/div>\n\t\t\t\t\t\t\t\t\t\t\t\t\t\t\t\t<\/div>\n\t\t\t\t\t\t\t\t\t\t\t\t\t<\/div>\n\t\t\t\t\t\t<div class=\"ur-form-row\" data-row-id=\"1\">\t\t\t\t\t\t\t<div class=\"ur-form-grid ur-grid-1\"\n\t\t\t\t\t\t\t\tstyle=\"width:48%\">\n\t\t\t\t\t\t\t\t\t\t\t\t\t\t\t\t<div  data-field-id=\"user_pass\" class=\"ur-field-item field-user_pass \" data-ref-id=\"user_pass\" data-field-pattern-enabled=\"0\" data-field-pattern-value=\" \" data-field-pattern-message=\"Please provide a valid value for this field.\">\n\t\t\t\t\t\t\t\t\t\t<div class=\"form-row validate-required hide_show_password\" id=\"user_pass_field\" data-priority=\"\"><label for=\"user_pass\" class=\"ur-label\">Crear Clave <abbr class=\"required\" title=\"required\">*<\/abbr><\/label> <span class=\"input-wrapper\"> <span class=\"password-input-group input-form-field-icons\"><input data-rules=\"\" data-id=\"user_pass\" type=\"password\" class=\"input-text  input-password ur-frontend-field  \" name=\"user_pass\" id=\"user_pass\" placeholder=\"Ingrese su nueva clave\"  value=\"\" required=\"required\" data-label=\"Crear Clave\" \/><a href=\"javaScript:void(0)\" class=\"password_preview dashicons dashicons-hidden\" title=\" Show password \"><\/a><\/span><span class=\"ur-icon ur-icon-password\"><\/span> <\/span> <\/div>\t\t\t\t\t\t\t\t\t<\/div>\n\t\t\t\t\t\t\t\t\t\t\t\t\t\t\t\t<\/div>\n\t\t\t\t\t\t\t\t\t\t\t\t\t\t<div class=\"ur-form-grid ur-grid-2\"\n\t\t\t\t\t\t\t\tstyle=\"width:48%\">\n\t\t\t\t\t\t\t\t\t\t\t\t\t\t\t\t<div  data-field-id=\"user_confirm_password\" class=\"ur-field-item field-user_confirm_password \" data-ref-id=\"user_confirm_password\" data-field-pattern-enabled=\"0\" data-field-pattern-value=\" \" data-field-pattern-message=\" \">\n\t\t\t\t\t\t\t\t\t\t<div class=\"form-row validate-required hide_show_password\" id=\"user_confirm_password_field\" data-priority=\"\"><label for=\"user_confirm_password\" class=\"ur-label\">Confirmar Clave <abbr class=\"required\" title=\"required\">*<\/abbr><\/label> <span class=\"input-wrapper\"> <span class=\"password-input-group input-form-field-icons\"><input data-rules=\"\" data-id=\"user_confirm_password\" type=\"password\" class=\"input-text  input-password ur-frontend-field  \" name=\"user_confirm_password\" id=\"user_confirm_password\" placeholder=\"Confirme su clave\"  value=\"\" required=\"required\" data-label=\"Confirmar Clave\" \/><a href=\"javaScript:void(0)\" class=\"password_preview dashicons dashicons-hidden\" title=\" Show password \"><\/a><\/span><span class=\"ur-icon ur-icon-password-confirm\"><\/span> <\/span> <\/div>\t\t\t\t\t\t\t\t\t<\/div>\n\t\t\t\t\t\t\t\t\t\t\t\t\t\t\t\t<\/div>\n\t\t\t\t\t\t\t\t\t\t\t\t\t<\/div>\n\t\t\t\t\t\t\t\t\t\t\t\t<div id=\"ur-recaptcha-node\"> <div id=\"node_recaptcha_register\" class=\"g-recaptcha\"><\/div><\/div>\t\t\t\t\t\t<div class=\"ur-button-container \" >\n\t\t\t\t\t\t\t\t\t\t\t\t\t\t<button type=\"submit\" class=\"btn button ur-submit-button enviar\"  conditional_rules=\"&quot;&quot;\">\n\t\t\t\t\t\t\t\t<span><\/span>\n\t\t\t\t\t\t\t\tEnviar\t\t\t\t\t\t\t<\/button>\n\t\t\t\t\t\t\t\t\t\t\t\t\t\t\t\t\t\t\t\t<\/div>\n\t\t\t\t\t\t\n\t\t\t\t<div style=\"clear:both\"><\/div>\n\t\t\t\t\t\t\t\t<input type=\"hidden\" id=\"ur-form-field-icon\" name=\"ur-field-icon\" value=\"1\"\/>\n\t\t\t\t\t\t\t\t\t<input type=\"hidden\" name=\"ur-registration-language\" value=\"en-US\"\/>\n\t\t\t\t<input type=\"hidden\" name=\"ur-user-form-id\" value=\"1771\"\/>\n\t\t\t\t<input type=\"hidden\" name=\"ur-redirect-url\" value=\"https:\/\/www.netboxes.com.ni\/index.php\/mi-cuenta\/mi-casillero\"\/>\n\t\t\t\t<input type=\"hidden\" id=\"ur_frontend_form_nonce\" name=\"ur_frontend_form_nonce\" value=\"3c9c2e12f0\" \/>\n\t\t\t\t\n\t\t\t<\/form>\n\t\t\t\n\t\t<div style=\"clear:both\"><\/div>\n\t<\/div>\n\n<\/div>\n\t\t\t\t\t\t<\/div>\n\t\t\t\t\t<\/div>\n\t\t\t\t<\/div>\n\t\t\t\t<\/div>\n\t\t","protected":false},"excerpt":{"rendered":"<p>Registrate y obten tu Casillero!<\/p>\n","protected":false},"author":1,"featured_media":1758,"parent":0,"menu_order":3,"comment_status":"closed","ping_status":"closed","template":"","meta":{"iawp_total_views":1657,"footnotes":""},"class_list":["post-1772","page","type-page","status-publish","has-post-thumbnail","hentry"],"yoast_head":"<!-- This site is optimized with the Yoast SEO plugin v27.3 - https:\/\/yoast.com\/product\/yoast-seo-wordpress\/ -->\n<title>Registrate y Abre tu Casillero YA! - NETBOXES NICARAGUA | Trae tus compras de Amazon, Shein, eBay y mas de EE.UU a Nicaragua<\/title>\n<meta name=\"description\" content=\"No dejes de comprar en linea y abre tu casillero hoy mismo, solo crea tu cuenta desde nuestro sitio web y empieza a disfrutar con NETBOXES.\" \/>\n<meta name=\"robots\" content=\"index, follow, max-snippet:-1, max-image-preview:large, max-video-preview:-1\" \/>\n<link rel=\"canonical\" href=\"https:\/\/www.netboxes.com.ni\/index.php\/registro\/\" \/>\n<meta property=\"og:locale\" content=\"en_US\" \/>\n<meta property=\"og:type\" content=\"article\" \/>\n<meta property=\"og:title\" content=\"Registrate y Abre tu Casillero YA! - NETBOXES NICARAGUA | Trae tus compras de Amazon, Shein, eBay y mas de EE.UU a Nicaragua\" \/>\n<meta property=\"og:description\" content=\"No dejes de comprar en linea y abre tu casillero hoy mismo, solo crea tu cuenta desde nuestro sitio web y empieza a disfrutar con NETBOXES.\" \/>\n<meta property=\"og:url\" content=\"https:\/\/www.netboxes.com.ni\/index.php\/registro\/\" \/>\n<meta property=\"og:site_name\" content=\"NETBOXES NICARAGUA | Trae tus compras de Amazon, Shein, eBay y mas de EE.UU a Nicaragua\" \/>\n<meta property=\"article:publisher\" content=\"https:\/\/www.instagram.com\/netboxes.com.ni\/\" \/>\n<meta property=\"article:modified_time\" content=\"2026-03-20T00:59:48+00:00\" \/>\n<meta property=\"og:image\" content=\"https:\/\/www.netboxes.com.ni\/media\/uploads\/2025\/11\/logo.jpg\" \/>\n\t<meta property=\"og:image:width\" content=\"333\" \/>\n\t<meta property=\"og:image:height\" content=\"333\" \/>\n\t<meta property=\"og:image:type\" content=\"image\/jpeg\" \/>\n<meta name=\"twitter:card\" content=\"summary_large_image\" \/>\n<meta name=\"twitter:label1\" content=\"Est. reading time\" \/>\n\t<meta name=\"twitter:data1\" content=\"1 minute\" \/>\n<script type=\"application\/ld+json\" class=\"yoast-schema-graph\">{\"@context\":\"https:\\\/\\\/schema.org\",\"@graph\":[{\"@type\":\"WebPage\",\"@id\":\"https:\\\/\\\/www.netboxes.com.ni\\\/index.php\\\/registro\\\/\",\"url\":\"https:\\\/\\\/www.netboxes.com.ni\\\/index.php\\\/registro\\\/\",\"name\":\"Registrate y Abre tu Casillero YA! - NETBOXES NICARAGUA | Trae tus compras de Amazon, Shein, eBay y mas de EE.UU a Nicaragua\",\"isPartOf\":{\"@id\":\"https:\\\/\\\/www.netboxes.com.ni\\\/#website\"},\"primaryImageOfPage\":{\"@id\":\"https:\\\/\\\/www.netboxes.com.ni\\\/index.php\\\/registro\\\/#primaryimage\"},\"image\":{\"@id\":\"https:\\\/\\\/www.netboxes.com.ni\\\/index.php\\\/registro\\\/#primaryimage\"},\"thumbnailUrl\":\"https:\\\/\\\/www.netboxes.com.ni\\\/media\\\/uploads\\\/2025\\\/11\\\/logo.jpg\",\"datePublished\":\"2025-11-25T06:12:48+00:00\",\"dateModified\":\"2026-03-20T00:59:48+00:00\",\"description\":\"No dejes de comprar en linea y abre tu casillero hoy mismo, solo crea tu cuenta desde nuestro sitio web y empieza a disfrutar con NETBOXES.\",\"breadcrumb\":{\"@id\":\"https:\\\/\\\/www.netboxes.com.ni\\\/index.php\\\/registro\\\/#breadcrumb\"},\"inLanguage\":\"en-US\",\"potentialAction\":[{\"@type\":\"ReadAction\",\"target\":[\"https:\\\/\\\/www.netboxes.com.ni\\\/index.php\\\/registro\\\/\"]}]},{\"@type\":\"ImageObject\",\"inLanguage\":\"en-US\",\"@id\":\"https:\\\/\\\/www.netboxes.com.ni\\\/index.php\\\/registro\\\/#primaryimage\",\"url\":\"https:\\\/\\\/www.netboxes.com.ni\\\/media\\\/uploads\\\/2025\\\/11\\\/logo.jpg\",\"contentUrl\":\"https:\\\/\\\/www.netboxes.com.ni\\\/media\\\/uploads\\\/2025\\\/11\\\/logo.jpg\",\"width\":333,\"height\":333},{\"@type\":\"BreadcrumbList\",\"@id\":\"https:\\\/\\\/www.netboxes.com.ni\\\/index.php\\\/registro\\\/#breadcrumb\",\"itemListElement\":[{\"@type\":\"ListItem\",\"position\":1,\"name\":\"Home\",\"item\":\"https:\\\/\\\/www.netboxes.com.ni\\\/\"},{\"@type\":\"ListItem\",\"position\":2,\"name\":\"Registrate y Abre tu Casillero YA!\"}]},{\"@type\":\"WebSite\",\"@id\":\"https:\\\/\\\/www.netboxes.com.ni\\\/#website\",\"url\":\"https:\\\/\\\/www.netboxes.com.ni\\\/\",\"name\":\"NETBOXES NICARAGUA | Trae tus compras de Amazon, Shein, eBay y mas de EE.UU a Nicaragua\",\"description\":\"Facil, Rapido y Seguro!\",\"publisher\":{\"@id\":\"https:\\\/\\\/www.netboxes.com.ni\\\/#organization\"},\"potentialAction\":[{\"@type\":\"SearchAction\",\"target\":{\"@type\":\"EntryPoint\",\"urlTemplate\":\"https:\\\/\\\/www.netboxes.com.ni\\\/?s={search_term_string}\"},\"query-input\":{\"@type\":\"PropertyValueSpecification\",\"valueRequired\":true,\"valueName\":\"search_term_string\"}}],\"inLanguage\":\"en-US\"},{\"@type\":\"Organization\",\"@id\":\"https:\\\/\\\/www.netboxes.com.ni\\\/#organization\",\"name\":\"NETBOXES\",\"url\":\"https:\\\/\\\/www.netboxes.com.ni\\\/\",\"logo\":{\"@type\":\"ImageObject\",\"inLanguage\":\"en-US\",\"@id\":\"https:\\\/\\\/www.netboxes.com.ni\\\/#\\\/schema\\\/logo\\\/image\\\/\",\"url\":\"https:\\\/\\\/www.netboxes.com.ni\\\/media\\\/uploads\\\/2025\\\/11\\\/logo.jpg\",\"contentUrl\":\"https:\\\/\\\/www.netboxes.com.ni\\\/media\\\/uploads\\\/2025\\\/11\\\/logo.jpg\",\"width\":333,\"height\":333,\"caption\":\"NETBOXES\"},\"image\":{\"@id\":\"https:\\\/\\\/www.netboxes.com.ni\\\/#\\\/schema\\\/logo\\\/image\\\/\"},\"sameAs\":[\"https:\\\/\\\/www.instagram.com\\\/netboxes.com.ni\\\/\"]}]}<\/script>\n<!-- \/ Yoast SEO plugin. -->","yoast_head_json":{"title":"Registrate y Abre tu Casillero YA! - NETBOXES NICARAGUA | Trae tus compras de Amazon, Shein, eBay y mas de EE.UU a Nicaragua","description":"No dejes de comprar en linea y abre tu casillero hoy mismo, solo crea tu cuenta desde nuestro sitio web y empieza a disfrutar con NETBOXES.","robots":{"index":"index","follow":"follow","max-snippet":"max-snippet:-1","max-image-preview":"max-image-preview:large","max-video-preview":"max-video-preview:-1"},"canonical":"https:\/\/www.netboxes.com.ni\/index.php\/registro\/","og_locale":"en_US","og_type":"article","og_title":"Registrate y Abre tu Casillero YA! - NETBOXES NICARAGUA | Trae tus compras de Amazon, Shein, eBay y mas de EE.UU a Nicaragua","og_description":"No dejes de comprar en linea y abre tu casillero hoy mismo, solo crea tu cuenta desde nuestro sitio web y empieza a disfrutar con NETBOXES.","og_url":"https:\/\/www.netboxes.com.ni\/index.php\/registro\/","og_site_name":"NETBOXES NICARAGUA | Trae tus compras de Amazon, Shein, eBay y mas de EE.UU a Nicaragua","article_publisher":"https:\/\/www.instagram.com\/netboxes.com.ni\/","article_modified_time":"2026-03-20T00:59:48+00:00","og_image":[{"width":333,"height":333,"url":"https:\/\/www.netboxes.com.ni\/media\/uploads\/2025\/11\/logo.jpg","type":"image\/jpeg"}],"twitter_card":"summary_large_image","twitter_misc":{"Est. reading time":"1 minute"},"schema":{"@context":"https:\/\/schema.org","@graph":[{"@type":"WebPage","@id":"https:\/\/www.netboxes.com.ni\/index.php\/registro\/","url":"https:\/\/www.netboxes.com.ni\/index.php\/registro\/","name":"Registrate y Abre tu Casillero YA! - NETBOXES NICARAGUA | Trae tus compras de Amazon, Shein, eBay y mas de EE.UU a Nicaragua","isPartOf":{"@id":"https:\/\/www.netboxes.com.ni\/#website"},"primaryImageOfPage":{"@id":"https:\/\/www.netboxes.com.ni\/index.php\/registro\/#primaryimage"},"image":{"@id":"https:\/\/www.netboxes.com.ni\/index.php\/registro\/#primaryimage"},"thumbnailUrl":"https:\/\/www.netboxes.com.ni\/media\/uploads\/2025\/11\/logo.jpg","datePublished":"2025-11-25T06:12:48+00:00","dateModified":"2026-03-20T00:59:48+00:00","description":"No dejes de comprar en linea y abre tu casillero hoy mismo, solo crea tu cuenta desde nuestro sitio web y empieza a disfrutar con NETBOXES.","breadcrumb":{"@id":"https:\/\/www.netboxes.com.ni\/index.php\/registro\/#breadcrumb"},"inLanguage":"en-US","potentialAction":[{"@type":"ReadAction","target":["https:\/\/www.netboxes.com.ni\/index.php\/registro\/"]}]},{"@type":"ImageObject","inLanguage":"en-US","@id":"https:\/\/www.netboxes.com.ni\/index.php\/registro\/#primaryimage","url":"https:\/\/www.netboxes.com.ni\/media\/uploads\/2025\/11\/logo.jpg","contentUrl":"https:\/\/www.netboxes.com.ni\/media\/uploads\/2025\/11\/logo.jpg","width":333,"height":333},{"@type":"BreadcrumbList","@id":"https:\/\/www.netboxes.com.ni\/index.php\/registro\/#breadcrumb","itemListElement":[{"@type":"ListItem","position":1,"name":"Home","item":"https:\/\/www.netboxes.com.ni\/"},{"@type":"ListItem","position":2,"name":"Registrate y Abre tu Casillero YA!"}]},{"@type":"WebSite","@id":"https:\/\/www.netboxes.com.ni\/#website","url":"https:\/\/www.netboxes.com.ni\/","name":"NETBOXES NICARAGUA | Trae tus compras de Amazon, Shein, eBay y mas de EE.UU a Nicaragua","description":"Facil, Rapido y Seguro!","publisher":{"@id":"https:\/\/www.netboxes.com.ni\/#organization"},"potentialAction":[{"@type":"SearchAction","target":{"@type":"EntryPoint","urlTemplate":"https:\/\/www.netboxes.com.ni\/?s={search_term_string}"},"query-input":{"@type":"PropertyValueSpecification","valueRequired":true,"valueName":"search_term_string"}}],"inLanguage":"en-US"},{"@type":"Organization","@id":"https:\/\/www.netboxes.com.ni\/#organization","name":"NETBOXES","url":"https:\/\/www.netboxes.com.ni\/","logo":{"@type":"ImageObject","inLanguage":"en-US","@id":"https:\/\/www.netboxes.com.ni\/#\/schema\/logo\/image\/","url":"https:\/\/www.netboxes.com.ni\/media\/uploads\/2025\/11\/logo.jpg","contentUrl":"https:\/\/www.netboxes.com.ni\/media\/uploads\/2025\/11\/logo.jpg","width":333,"height":333,"caption":"NETBOXES"},"image":{"@id":"https:\/\/www.netboxes.com.ni\/#\/schema\/logo\/image\/"},"sameAs":["https:\/\/www.instagram.com\/netboxes.com.ni\/"]}]}},"_links":{"self":[{"href":"https:\/\/www.netboxes.com.ni\/index.php\/wp-json\/wp\/v2\/pages\/1772","targetHints":{"allow":["GET"]}}],"collection":[{"href":"https:\/\/www.netboxes.com.ni\/index.php\/wp-json\/wp\/v2\/pages"}],"about":[{"href":"https:\/\/www.netboxes.com.ni\/index.php\/wp-json\/wp\/v2\/types\/page"}],"author":[{"embeddable":true,"href":"https:\/\/www.netboxes.com.ni\/index.php\/wp-json\/wp\/v2\/users\/1"}],"replies":[{"embeddable":true,"href":"https:\/\/www.netboxes.com.ni\/index.php\/wp-json\/wp\/v2\/comments?post=1772"}],"version-history":[{"count":1,"href":"https:\/\/www.netboxes.com.ni\/index.php\/wp-json\/wp\/v2\/pages\/1772\/revisions"}],"predecessor-version":[{"id":2136,"href":"https:\/\/www.netboxes.com.ni\/index.php\/wp-json\/wp\/v2\/pages\/1772\/revisions\/2136"}],"wp:featuredmedia":[{"embeddable":true,"href":"https:\/\/www.netboxes.com.ni\/index.php\/wp-json\/wp\/v2\/media\/1758"}],"wp:attachment":[{"href":"https:\/\/www.netboxes.com.ni\/index.php\/wp-json\/wp\/v2\/media?parent=1772"}],"curies":[{"name":"wp","href":"https:\/\/api.w.org\/{rel}","templated":true}]}}